{"id":59,"date":"2020-01-19T13:11:26","date_gmt":"2020-01-19T13:11:26","guid":{"rendered":"https:\/\/namsenmedia.no\/mal\/?page_id=59"},"modified":"2024-06-24T18:17:01","modified_gmt":"2024-06-24T16:17:01","slug":"personvern","status":"publish","type":"page","link":"https:\/\/namsenmedia.no\/mal\/personvern\/","title":{"rendered":"Personvern"},"content":{"rendered":"<p>Personvernerkl\u00e6ringen forteller om hvordan denne nettsiden samler inn og bruker informasjon om bes\u00f8kende. Daglig leder er behandlingsansvarlig for virksomhetens behandling av personopplysninger. Erkl\u00e6ringen inneholder opplysninger du har krav p\u00e5 n\u00e5r det samles inn opplysninger fra nettstedet og generell informasjon om hvordan vi behandler personopplysninger.<\/p>\n<h3>Informasjonskapsler<\/h3>\n<p>Vi benytter oss av informasjonskapsler (cookies) for at nettsiden skal kunne fungere optimalt. Informasjonskapsler er sm\u00e5 tekstfiler som blir lagret p\u00e5 enheten din n\u00e5r du bes\u00f8ker siden. Disse registrerer IP-adresse, hvor lenge bes\u00f8kende er p\u00e5 siden, hva de klikker p\u00e5 og hvilken enhet de bruker, samt gir oss en oversikt over hvor mange bes\u00f8kende siden har. \u00d8nsker du ikke lagring av cookies kan du f\u00f8lge anvisningene her for \u00e5 skru de av i netteleseren din: <a href=\"https:\/\/nettvett.no\/slik-administrer-du-informasjonskapsler\/\">https:\/\/nettvett.no\/slik-administrer-du-informasjonskapsler\/<\/a>. Informasjonskapsler fra f\u00f8lgende tredjepartsleverand\u00f8rer benyttes p\u00e5 nettsiden: <strong>WordPress<\/strong> &#8211;\u00a0Informasjonskapsler som er n\u00f8dvendige for at nettsiden skal fungere normalt. <strong>Google Analytics<\/strong> &#8211;\u00a0Bruker informasjonskapsler for \u00e5 analysere bruk av hjemmesiden.<\/p>\n<h3>Personopplysninger<\/h3>\n<p>Vi samler inn informasjon som navn, telefon og e-postadresse for \u00e5 kunne gi deg n\u00f8dvendig informasjon, samt for \u00e5 opprette og vedlikeholde et kundeforhold. Informasjonen innhentes gjennom kontaktskjema og chatfunksjon p\u00e5 nettsidene og blir lagret i v\u00e5r CRM-l\u00f8sning. Informasjonen blir lagret s\u00e5 lenge kundeforholdet vedvarer.<\/p>\n<h3>Dine rettigheter<\/h3>\n<p>Du har rett til innsyn i personopplysninger som innhentes om deg, samt at du har rett til \u00e5 be om at disse blir endret dersom de viser seg \u00e5 v\u00e6re uriktige eller ufullstendige. Videre har du rett til \u00e5 kreve at personopplysninger om deg blir slettet, med mindre det foreligger et s\u00e6rskilt lovgrunnlag for fortsatt behandling av personopplysningene. Det er frivillig \u00e5 gi fra seg personopplysninger, og et samtykke til behandling av personopplysninger kan alltid trekkes tilbake.<\/p>\n<h3>Kontaktinformasjon<\/h3>\n<p>Om du skulle ha sp\u00f8rsm\u00e5l, \u00f8nske innsyn, endring eller sletting av dine personopplysninger kan du ta kontakt p\u00e5 e-post: <a href=\"mailto:post@namsenmedia.no\">post@namsenmedia.no<\/a><\/p>\n","protected":false},"excerpt":{"rendered":"<p>Personvernerkl\u00e6ringen forteller om hvordan denne nettsiden samler inn og bruker informasjon om bes\u00f8kende. Daglig leder er behandlingsansvarlig for virksomhetens behandling av personopplysninger. Erkl\u00e6ringen inneholder opplysninger du har krav p\u00e5 n\u00e5r det samles inn opplysninger fra nettstedet og generell informasjon om hvordan vi behandler personopplysninger. Informasjonskapsler Vi benytter oss av informasjonskapsler (cookies) for at nettsiden skal&hellip;<\/p>\n","protected":false},"author":1,"featured_media":0,"parent":0,"menu_order":0,"comment_status":"closed","ping_status":"closed","template":"","meta":{"_seopress_robots_primary_cat":"","_seopress_titles_title":"","_seopress_titles_desc":"","_seopress_robots_index":"","footnotes":""},"class_list":["post-59","page","type-page","status-publish","hentry"],"_links":{"self":[{"href":"https:\/\/namsenmedia.no\/mal\/wp-json\/wp\/v2\/pages\/59","targetHints":{"allow":["GET"]}}],"collection":[{"href":"https:\/\/namsenmedia.no\/mal\/wp-json\/wp\/v2\/pages"}],"about":[{"href":"https:\/\/namsenmedia.no\/mal\/wp-json\/wp\/v2\/types\/page"}],"author":[{"embeddable":true,"href":"https:\/\/namsenmedia.no\/mal\/wp-json\/wp\/v2\/users\/1"}],"replies":[{"embeddable":true,"href":"https:\/\/namsenmedia.no\/mal\/wp-json\/wp\/v2\/comments?post=59"}],"version-history":[{"count":0,"href":"https:\/\/namsenmedia.no\/mal\/wp-json\/wp\/v2\/pages\/59\/revisions"}],"wp:attachment":[{"href":"https:\/\/namsenmedia.no\/mal\/wp-json\/wp\/v2\/media?parent=59"}],"curies":[{"name":"wp","href":"https:\/\/api.w.org\/{rel}","templated":true}]}}